{"id":25,"date":"2017-10-03T02:01:07","date_gmt":"2017-10-03T00:01:07","guid":{"rendered":"http:\/\/fv.elisabethstift.schule\/?page_id=25"},"modified":"2026-02-10T23:00:25","modified_gmt":"2026-02-10T22:00:25","slug":"spenden-mitgliedschaft","status":"publish","type":"page","link":"https:\/\/fv.elisabethstift.schule\/?page_id=25","title":{"rendered":"Spenden &#038; Mitgliedschaft"},"content":{"rendered":"<p>Konto-Nr. f\u00fcr Spenden und Mitgliedsbeitr\u00e4ge<br \/>\n<strong>DE54 1001 0010 0854 3781 02<br \/>\n<\/strong>(Konto-Inhaber: F\u00f6rderverein der Elisabethstift-Schule e.V.)<\/p>\n<p>Unterst\u00fctzen Sie unsere Schule regelm\u00e4\u00dfig, werden Sie <strong>Mitglied<\/strong>! Wenden Sie sich formlos an <strong>foerderverein<\/strong>AT<strong>fv<\/strong>DOT<strong>elisabethstift<\/strong>DOT<strong>schule<\/strong>*<strong><br \/>\n<\/strong>*) Bitte ersetzen Sie &#8222;AT&#8220; und &#8222;DOT&#8220; durch &#8222;@&#8220; und &#8222;.&#8220;<\/p>\n<p>F\u00fcr Ihre Mitgliedschaft bitten wir Sie um folgende Angaben:<br \/>\n&#8211; Ihre <strong>Kontakt-Daten<\/strong>: Adresse, E-Mail, Telefon-Nr.<br \/>\n&#8211; <strong>ab wann<\/strong> m\u00f6chten Sie Mitglied sein<br \/>\n&#8211; <strong>wieviel<\/strong> m\u00f6chten Sie im Jahr zahlen<br \/>\n(Sie k\u00f6nnen die H\u00f6he Ihres Mitgliedsbeitrages frei bestimmen. Viele Mitglieder zahlen 60 EUR, wir bitten Sie um einen Mindestbeitrag von 15 EUR pro Jahr. Sie helfen dem Verein sehr, wenn Sie selbst einen <strong>Dauerauftrag<\/strong> zugunsten des o.g. Vereinskontos einrichten. Siehe auch unseren <a href=\"http:\/\/fv.elisabethstift.schule\/wp-content\/uploads\/2021\/03\/FV_Faltblatt_RZ_grudengrafik_print.pdf\">Flyer<\/a>. Herzlichen Dank!)<\/p>\n<p><strong>Gut zu wissen<\/strong>: Eine Mitgliedschaft kann jederzeit formlos und ohne Angabe von Gr\u00fcnden mit sofortiger Wirkung auch per E-Mail gek\u00fcndigt werden. Wir freuen uns auf Sie und hoffen auf Ihre langfristige finanzielle und ehrenamtliche Unterst\u00fctzung der Elisabethstift-Schule.<\/p>\n","protected":false},"excerpt":{"rendered":"<p>Konto-Nr. f\u00fcr Spenden und Mitgliedsbeitr\u00e4ge DE54 1001 0010 0854 3781 02 (Konto-Inhaber: F\u00f6rderverein der Elisabethstift-Schule e.V.) Unterst\u00fctzen Sie unsere Schule regelm\u00e4\u00dfig, werden Sie Mitglied! Wenden Sie sich formlos an foerdervereinATfvDOTelisabethstiftDOTschule* <a class=\"more-link\" href=\"https:\/\/fv.elisabethstift.schule\/?page_id=25\">Continue Reading \u2192<\/a><\/p>\n","protected":false},"author":2,"featured_media":0,"parent":0,"menu_order":0,"comment_status":"closed","ping_status":"closed","template":"page-fullwidth.php","meta":{"footnotes":""},"class_list":["post-25","page","type-page","status-publish","hentry"],"_links":{"self":[{"href":"https:\/\/fv.elisabethstift.schule\/index.php?rest_route=\/wp\/v2\/pages\/25","targetHints":{"allow":["GET"]}}],"collection":[{"href":"https:\/\/fv.elisabethstift.schule\/index.php?rest_route=\/wp\/v2\/pages"}],"about":[{"href":"https:\/\/fv.elisabethstift.schule\/index.php?rest_route=\/wp\/v2\/types\/page"}],"author":[{"embeddable":true,"href":"https:\/\/fv.elisabethstift.schule\/index.php?rest_route=\/wp\/v2\/users\/2"}],"replies":[{"embeddable":true,"href":"https:\/\/fv.elisabethstift.schule\/index.php?rest_route=%2Fwp%2Fv2%2Fcomments&post=25"}],"version-history":[{"count":5,"href":"https:\/\/fv.elisabethstift.schule\/index.php?rest_route=\/wp\/v2\/pages\/25\/revisions"}],"predecessor-version":[{"id":222,"href":"https:\/\/fv.elisabethstift.schule\/index.php?rest_route=\/wp\/v2\/pages\/25\/revisions\/222"}],"wp:attachment":[{"href":"https:\/\/fv.elisabethstift.schule\/index.php?rest_route=%2Fwp%2Fv2%2Fmedia&parent=25"}],"curies":[{"name":"wp","href":"https:\/\/api.w.org\/{rel}","templated":true}]}}