{"id":19,"date":"2017-10-03T01:56:43","date_gmt":"2017-10-02T23:56:43","guid":{"rendered":"http:\/\/fv.elisabethstift.schule\/?page_id=19"},"modified":"2023-01-15T22:46:20","modified_gmt":"2023-01-15T21:46:20","slug":"foerderungen","status":"publish","type":"page","link":"https:\/\/fv.elisabethstift.schule\/?page_id=19","title":{"rendered":"F\u00f6rderungen"},"content":{"rendered":"<p>Eine vollst\u00e4ndige Liste der F\u00f6rderungen aus den Vorjahren finden Sie in den Kassenberichten. Sie k\u00f6nnen unter &#8222;<a href=\"http:\/\/fv.elisabethstift.schule\/dokumente\/\">Dokumente<\/a>&#8220; heruntergeladen werden.<\/p>\n<h3>Newsletter<\/h3>\n<p><a href=\"http:\/\/fv.elisabethstift.schule\/wp-content\/uploads\/2023\/01\/Ausgabe-01_2022.pdf\">Newsletter Nr. 1\/2022 (23 MB)<\/a><\/p>\n<p><a href=\"http:\/\/fv.elisabethstift.schule\/wp-content\/uploads\/2023\/01\/Ausgabe-03_2021.pdf\">Newsletter Nr. 3\/2021 (2 MB)<\/a><\/p>\n<h3>2020<\/h3>\n<p><a href=\"http:\/\/fv.elisabethstift.schule\/wp-content\/uploads\/2021\/03\/Ausgabe_2021_Nr01.pdf\">Newsletter Nr. 1\/2021 (216 kB)<\/a><\/p>\n<h3>2019 (Auswahl)<\/h3>\n<p>Am 07.09.2019 wurden <strong>Graffiti-Stifte<\/strong> f\u00fcr 44,93\u00a0EUR finanziert.<\/p>\n<p>Am 28.02.2019 wurden Materialien f\u00fcr die <strong>Schuldruckerei<\/strong> mit 301,91\u00a0EUR gef\u00f6rdert.<\/p>\n<p>Am 04.02.2019 wurde die Anschaffung von <strong>Handb\u00e4llen<\/strong> mit 197,22 EUR\u00a0bezuschusst.<\/p>\n<h3>2018 (Auswahl)<\/h3>\n<p>Am 29.10.2018 wurden der <strong>Fu\u00dfball-K\u00e4fig<\/strong> und die <strong>Reckstangen<\/strong> auf dem Schulhof mit 8.781,01 bzw. 484,68 EUR gef\u00f6rdert.<\/p>\n<p>Am 16.03.2018 wurde die Beschaffung von <strong>Schul-Atlanten<\/strong> mit 87,32 EUR unterst\u00fctzt.<\/p>\n<p>Am 16.03.2018 wurde das Projekt <strong>&#8222;Schule auf Reisen&#8220;<\/strong> mit 2.758 EUR bezuschusst.<\/p>\n<h3>2017 (Auswahl)<\/h3>\n<p>Am 01.06.2017 wurde ein <strong>Trampolin<\/strong> f\u00fcr 539 EUR erworben.<\/p>\n<p>Am 05.05.2017 wurden die <strong>Schulentwicklungstage 2017<\/strong> mit 270 EUR bezuschusst.<\/p>\n<p>Am 11.01.2017 wurden <strong>Arbeitshandschuhe<\/strong> f\u00fcr die Sch\u00fclerinnen und Sch\u00fcler f\u00fcr 167,10 EUR gekauft.<\/p>\n<h3>2016 (Auswahl)<\/h3>\n<p>Am 28.07.2016 wurde ein <strong>Parf\u00fcm-Baukasten<\/strong> f\u00fcr 208 EUR gekauft.<\/p>\n<p>Am 26.5.2016 wurden 13 t <strong>Mutterboden<\/strong> f\u00fcr den Schulhof f\u00fcr 370 EUR finanziert.<\/p>\n<p>Am 15.03.2016 wurden zwei <strong>N\u00e4hmaschinen<\/strong> f\u00fcr insgesamt 335,90 EUR angeschafft.<\/p>\n<h3>2015 (Auswahl)<\/h3>\n<p>Am 26.10.2015 wurden die <strong>Schulentwicklungstage 2015<\/strong> mit 500 EUR bezuschusst.<\/p>\n<p>Am 18.09.2015 wurde eine <strong>Magnetleiste<\/strong> f\u00fcr Wechsel-Ausstellungen mit 254,90 EUR finanziert.<\/p>\n<p>Am 06.03.2015 wurde die Anschaffung von Materialien der <strong>Schuldruckerei<\/strong> mit 304,14 EUR finanziert.<\/p>\n","protected":false},"excerpt":{"rendered":"<p>Eine vollst\u00e4ndige Liste der F\u00f6rderungen aus den Vorjahren finden Sie in den Kassenberichten. Sie k\u00f6nnen unter &#8222;Dokumente&#8220; heruntergeladen werden. Newsletter Newsletter Nr. 1\/2022 (23 MB) Newsletter Nr. 3\/2021 (2 MB) <a class=\"more-link\" href=\"https:\/\/fv.elisabethstift.schule\/?page_id=19\">Continue Reading \u2192<\/a><\/p>\n","protected":false},"author":2,"featured_media":0,"parent":0,"menu_order":0,"comment_status":"closed","ping_status":"closed","template":"page-fullwidth.php","meta":{"footnotes":""},"class_list":["post-19","page","type-page","status-publish","hentry"],"_links":{"self":[{"href":"https:\/\/fv.elisabethstift.schule\/index.php?rest_route=\/wp\/v2\/pages\/19","targetHints":{"allow":["GET"]}}],"collection":[{"href":"https:\/\/fv.elisabethstift.schule\/index.php?rest_route=\/wp\/v2\/pages"}],"about":[{"href":"https:\/\/fv.elisabethstift.schule\/index.php?rest_route=\/wp\/v2\/types\/page"}],"author":[{"embeddable":true,"href":"https:\/\/fv.elisabethstift.schule\/index.php?rest_route=\/wp\/v2\/users\/2"}],"replies":[{"embeddable":true,"href":"https:\/\/fv.elisabethstift.schule\/index.php?rest_route=%2Fwp%2Fv2%2Fcomments&post=19"}],"version-history":[{"count":4,"href":"https:\/\/fv.elisabethstift.schule\/index.php?rest_route=\/wp\/v2\/pages\/19\/revisions"}],"predecessor-version":[{"id":171,"href":"https:\/\/fv.elisabethstift.schule\/index.php?rest_route=\/wp\/v2\/pages\/19\/revisions\/171"}],"wp:attachment":[{"href":"https:\/\/fv.elisabethstift.schule\/index.php?rest_route=%2Fwp%2Fv2%2Fmedia&parent=19"}],"curies":[{"name":"wp","href":"https:\/\/api.w.org\/{rel}","templated":true}]}}